{"id":6475,"date":"2024-12-21T10:39:31","date_gmt":"2024-12-21T09:39:31","guid":{"rendered":"https:\/\/cequireste.fr\/?page_id=6475"},"modified":"2024-12-21T10:42:32","modified_gmt":"2024-12-21T09:42:32","slug":"librairie","status":"publish","type":"page","link":"https:\/\/cequireste.fr\/?page_id=6475","title":{"rendered":"Librairie"},"content":{"rendered":"\n<p>Retrou\u00advez ci-des\u00adsous les livres publi\u00e9s de la revue qui ont \u00e9t\u00e9 publi\u00e9s par Eche\u00adveaux Edi\u00adtions. La plu\u00adpart sont les reli\u00adquats de petits tirages (une cin\u00adquan\u00adtaine d\u2019exem\u00adplaires) qui ont \u00e9t\u00e9 d\u00e9j\u00e0 dif\u00adfu\u00ads\u00e9s par le biais de cam\u00adpagnes de souscription.<\/p>\n<p><strong>Frais d\u2019emballage et d\u2019en\u00advoi : 2,20\u20ac \/ ouvrage com\u00adman\u00add\u00e9 (for\u00adfai\u00adtaire).<\/strong><\/p>\n\n\n\n<iframe id=\"haWidget\" allowtransparency=\"true\" scrolling=\"auto\" src=\"https:\/\/www.helloasso.com\/associations\/echeveaux-editions\/boutiques\/librairie\/widget\" style=\"width: 100%; height: 750px; border: none;\"><\/iframe>\n\n\n","protected":false},"excerpt":{"rendered":"<p>Retrou\u00advez ci-des\u00ad\u00adsous les livres publi\u00e9s de la revue qui ont \u00e9t\u00e9 publi\u00e9s par Eche\u00adveaux Edi\u00adtions. La plu\u00adpart sont les reli\u00adquats de petits tirages (une cin\u00adquan\u00adtaine d\u2019exem\u00adplaires) qui ont \u00e9t\u00e9 d\u00e9j\u00e0 dif\u00adfu\u00ads\u00e9s par le biais de cam\u00adpagnes de sous\u00adcrip\u00adtion. Frais d\u2019emballage et d\u2019en\u00advoi : 2,20\u20ac \/ ouvrage com\u00adman\u00add\u00e9 (for\u00adfai\u00adtaire).<\/p>\n","protected":false},"author":2,"featured_media":0,"parent":0,"menu_order":0,"comment_status":"closed","ping_status":"closed","template":"","meta":{"wp_typography_post_enhancements_disabled":false,"footnotes":""},"coauthors":[938],"class_list":["post-6475","page","type-page","status-publish","hentry"],"yoast_head":"<!-- This site is optimized with the Yoast SEO plugin v27.3 - https:\/\/yoast.com\/product\/yoast-seo-wordpress\/ -->\n<title>Librairie - Ce qui reste<\/title>\n<meta name=\"robots\" content=\"index, follow, max-snippet:-1, max-image-preview:large, max-video-preview:-1\" \/>\n<link rel=\"canonical\" href=\"https:\/\/cequireste.fr\/?page_id=6475\" \/>\n<meta property=\"og:locale\" content=\"fr_FR\" \/>\n<meta property=\"og:type\" content=\"article\" \/>\n<meta property=\"og:title\" content=\"Librairie - Ce qui reste\" \/>\n<meta property=\"og:description\" content=\"Retrou\u00advez ci-des\u00adsous les livres publi\u00e9s de la revue qui ont \u00e9t\u00e9 publi\u00e9s par Eche\u00adveaux Edi\u00adtions. La plu\u00adpart sont les reli\u00adquats de petits tirages (une cin\u00adquan\u00adtaine d\u2019exem\u00adplaires) qui ont \u00e9t\u00e9 d\u00e9j\u00e0 dif\u00adfu\u00ads\u00e9s par le biais de cam\u00adpagnes de souscription. Frais d\u2019emballage et d\u2019en\u00advoi : 2,20\u20ac \/ ouvrage com\u00adman\u00add\u00e9 (for\u00adfai\u00adtaire).\" \/>\n<meta property=\"og:url\" content=\"https:\/\/cequireste.fr\/?page_id=6475\" \/>\n<meta property=\"og:site_name\" content=\"Ce qui reste\" \/>\n<meta property=\"article:publisher\" content=\"https:\/\/www.facebook.com\/cequireste\/\" \/>\n<meta property=\"article:modified_time\" content=\"2024-12-21T09:42:32+00:00\" \/>\n<meta property=\"og:image\" content=\"https:\/\/cequireste.fr\/wp-content\/uploads\/2017\/09\/logo.png\" \/>\n\t<meta property=\"og:image:width\" content=\"1000\" \/>\n\t<meta property=\"og:image:height\" content=\"1000\" \/>\n\t<meta property=\"og:image:type\" content=\"image\/png\" \/>\n<meta name=\"twitter:card\" content=\"summary_large_image\" \/>\n<meta name=\"twitter:site\" content=\"@cequireste\" \/>\n<meta name=\"twitter:label1\" content=\"Dur\u00e9e de lecture estim\u00e9e\" \/>\n\t<meta name=\"twitter:data1\" content=\"1 minute\" \/>\n\t<meta name=\"twitter:label2\" content=\"Written by\" \/>\n\t<meta name=\"twitter:data2\" content=\"Revue Ce qui reste\" \/>\n<script type=\"application\/ld+json\" class=\"yoast-schema-graph\">{\"@context\":\"https:\\\/\\\/schema.org\",\"@graph\":[{\"@type\":\"WebPage\",\"@id\":\"https:\\\/\\\/cequireste.fr\\\/?page_id=6475\",\"url\":\"https:\\\/\\\/cequireste.fr\\\/?page_id=6475\",\"name\":\"Librairie - Ce qui reste\",\"isPartOf\":{\"@id\":\"https:\\\/\\\/cequireste.fr\\\/#website\"},\"datePublished\":\"2024-12-21T09:39:31+00:00\",\"dateModified\":\"2024-12-21T09:42:32+00:00\",\"breadcrumb\":{\"@id\":\"https:\\\/\\\/cequireste.fr\\\/?page_id=6475#breadcrumb\"},\"inLanguage\":\"fr-FR\",\"potentialAction\":[{\"@type\":\"ReadAction\",\"target\":[\"https:\\\/\\\/cequireste.fr\\\/?page_id=6475\"]}]},{\"@type\":\"BreadcrumbList\",\"@id\":\"https:\\\/\\\/cequireste.fr\\\/?page_id=6475#breadcrumb\",\"itemListElement\":[{\"@type\":\"ListItem\",\"position\":1,\"name\":\"Accueil\",\"item\":\"https:\\\/\\\/cequireste.fr\\\/\"},{\"@type\":\"ListItem\",\"position\":2,\"name\":\"Librairie\"}]},{\"@type\":\"WebSite\",\"@id\":\"https:\\\/\\\/cequireste.fr\\\/#website\",\"url\":\"https:\\\/\\\/cequireste.fr\\\/\",\"name\":\"Ce qui reste\",\"description\":\"Revue de po\u00e9sie contemporaine\",\"publisher\":{\"@id\":\"https:\\\/\\\/cequireste.fr\\\/#organization\"},\"potentialAction\":[{\"@type\":\"SearchAction\",\"target\":{\"@type\":\"EntryPoint\",\"urlTemplate\":\"https:\\\/\\\/cequireste.fr\\\/?s={search_term_string}\"},\"query-input\":{\"@type\":\"PropertyValueSpecification\",\"valueRequired\":true,\"valueName\":\"search_term_string\"}}],\"inLanguage\":\"fr-FR\"},{\"@type\":\"Organization\",\"@id\":\"https:\\\/\\\/cequireste.fr\\\/#organization\",\"name\":\"Revue Ce qui reste\",\"url\":\"https:\\\/\\\/cequireste.fr\\\/\",\"logo\":{\"@type\":\"ImageObject\",\"inLanguage\":\"fr-FR\",\"@id\":\"https:\\\/\\\/cequireste.fr\\\/#\\\/schema\\\/logo\\\/image\\\/\",\"url\":\"https:\\\/\\\/cequireste.fr\\\/wp-content\\\/uploads\\\/2017\\\/09\\\/logo.png\",\"contentUrl\":\"https:\\\/\\\/cequireste.fr\\\/wp-content\\\/uploads\\\/2017\\\/09\\\/logo.png\",\"width\":1000,\"height\":1000,\"caption\":\"Revue Ce qui reste\"},\"image\":{\"@id\":\"https:\\\/\\\/cequireste.fr\\\/#\\\/schema\\\/logo\\\/image\\\/\"},\"sameAs\":[\"https:\\\/\\\/www.facebook.com\\\/cequireste\\\/\",\"https:\\\/\\\/x.com\\\/cequireste\",\"https:\\\/\\\/www.instagram.com\\\/cequireste\\\/\",\"https:\\\/\\\/www.linkedin.com\\\/in\\\/revue-ce-qui-reste-891a40144\\\/\"]}]}<\/script>\n<!-- \/ Yoast SEO plugin. -->","yoast_head_json":{"title":"Librairie - Ce qui reste","robots":{"index":"index","follow":"follow","max-snippet":"max-snippet:-1","max-image-preview":"max-image-preview:large","max-video-preview":"max-video-preview:-1"},"canonical":"https:\/\/cequireste.fr\/?page_id=6475","og_locale":"fr_FR","og_type":"article","og_title":"Librairie - Ce qui reste","og_description":"Retrou\u00advez ci-des\u00adsous les livres publi\u00e9s de la revue qui ont \u00e9t\u00e9 publi\u00e9s par Eche\u00adveaux Edi\u00adtions. La plu\u00adpart sont les reli\u00adquats de petits tirages (une cin\u00adquan\u00adtaine d\u2019exem\u00adplaires) qui ont \u00e9t\u00e9 d\u00e9j\u00e0 dif\u00adfu\u00ads\u00e9s par le biais de cam\u00adpagnes de souscription. Frais d\u2019emballage et d\u2019en\u00advoi : 2,20\u20ac \/ ouvrage com\u00adman\u00add\u00e9 (for\u00adfai\u00adtaire).","og_url":"https:\/\/cequireste.fr\/?page_id=6475","og_site_name":"Ce qui reste","article_publisher":"https:\/\/www.facebook.com\/cequireste\/","article_modified_time":"2024-12-21T09:42:32+00:00","og_image":[{"width":1000,"height":1000,"url":"https:\/\/cequireste.fr\/wp-content\/uploads\/2017\/09\/logo.png","type":"image\/png"}],"twitter_card":"summary_large_image","twitter_site":"@cequireste","twitter_misc":{"Dur\u00e9e de lecture estim\u00e9e":"1 minute","Written by":"Revue Ce qui reste"},"schema":{"@context":"https:\/\/schema.org","@graph":[{"@type":"WebPage","@id":"https:\/\/cequireste.fr\/?page_id=6475","url":"https:\/\/cequireste.fr\/?page_id=6475","name":"Librairie - Ce qui reste","isPartOf":{"@id":"https:\/\/cequireste.fr\/#website"},"datePublished":"2024-12-21T09:39:31+00:00","dateModified":"2024-12-21T09:42:32+00:00","breadcrumb":{"@id":"https:\/\/cequireste.fr\/?page_id=6475#breadcrumb"},"inLanguage":"fr-FR","potentialAction":[{"@type":"ReadAction","target":["https:\/\/cequireste.fr\/?page_id=6475"]}]},{"@type":"BreadcrumbList","@id":"https:\/\/cequireste.fr\/?page_id=6475#breadcrumb","itemListElement":[{"@type":"ListItem","position":1,"name":"Accueil","item":"https:\/\/cequireste.fr\/"},{"@type":"ListItem","position":2,"name":"Librairie"}]},{"@type":"WebSite","@id":"https:\/\/cequireste.fr\/#website","url":"https:\/\/cequireste.fr\/","name":"Ce qui reste","description":"Revue de po\u00e9sie contemporaine","publisher":{"@id":"https:\/\/cequireste.fr\/#organization"},"potentialAction":[{"@type":"SearchAction","target":{"@type":"EntryPoint","urlTemplate":"https:\/\/cequireste.fr\/?s={search_term_string}"},"query-input":{"@type":"PropertyValueSpecification","valueRequired":true,"valueName":"search_term_string"}}],"inLanguage":"fr-FR"},{"@type":"Organization","@id":"https:\/\/cequireste.fr\/#organization","name":"Revue Ce qui reste","url":"https:\/\/cequireste.fr\/","logo":{"@type":"ImageObject","inLanguage":"fr-FR","@id":"https:\/\/cequireste.fr\/#\/schema\/logo\/image\/","url":"https:\/\/cequireste.fr\/wp-content\/uploads\/2017\/09\/logo.png","contentUrl":"https:\/\/cequireste.fr\/wp-content\/uploads\/2017\/09\/logo.png","width":1000,"height":1000,"caption":"Revue Ce qui reste"},"image":{"@id":"https:\/\/cequireste.fr\/#\/schema\/logo\/image\/"},"sameAs":["https:\/\/www.facebook.com\/cequireste\/","https:\/\/x.com\/cequireste","https:\/\/www.instagram.com\/cequireste\/","https:\/\/www.linkedin.com\/in\/revue-ce-qui-reste-891a40144\/"]}]}},"_links":{"self":[{"href":"https:\/\/cequireste.fr\/index.php?rest_route=\/wp\/v2\/pages\/6475","targetHints":{"allow":["GET"]}}],"collection":[{"href":"https:\/\/cequireste.fr\/index.php?rest_route=\/wp\/v2\/pages"}],"about":[{"href":"https:\/\/cequireste.fr\/index.php?rest_route=\/wp\/v2\/types\/page"}],"author":[{"embeddable":true,"href":"https:\/\/cequireste.fr\/index.php?rest_route=\/wp\/v2\/users\/2"}],"replies":[{"embeddable":true,"href":"https:\/\/cequireste.fr\/index.php?rest_route=%2Fwp%2Fv2%2Fcomments&post=6475"}],"version-history":[{"count":3,"href":"https:\/\/cequireste.fr\/index.php?rest_route=\/wp\/v2\/pages\/6475\/revisions"}],"predecessor-version":[{"id":6481,"href":"https:\/\/cequireste.fr\/index.php?rest_route=\/wp\/v2\/pages\/6475\/revisions\/6481"}],"wp:attachment":[{"href":"https:\/\/cequireste.fr\/index.php?rest_route=%2Fwp%2Fv2%2Fmedia&parent=6475"}],"wp:term":[{"taxonomy":"author","embeddable":true,"href":"https:\/\/cequireste.fr\/index.php?rest_route=%2Fwp%2Fv2%2Fcoauthors&post=6475"}],"curies":[{"name":"wp","href":"https:\/\/api.w.org\/{rel}","templated":true}]}}