{"id":6412,"date":"2024-01-21T12:37:36","date_gmt":"2024-01-21T11:37:36","guid":{"rendered":"https:\/\/cequireste.fr\/?page_id=6412"},"modified":"2024-02-05T14:55:28","modified_gmt":"2024-02-05T13:55:28","slug":"faire-un-don","status":"publish","type":"page","link":"https:\/\/cequireste.fr\/?page_id=6412","title":{"rendered":"Vous souhaitez nous soutenir  : faites un&nbsp;don"},"content":{"rendered":"\n<p>Edi\u00adter gra\u00adtui\u00adte\u00adment une revue de po\u00e9\u00adsie, m\u00eame num\u00e9\u00adrique, devient de plus en plus dif\u00adfi\u00adcile et cela fait des ann\u00e9es que nous pre\u00adnons en charge ces frais\u2026 et nous vou\u00adlons encore faire mieux en pro\u00adpo\u00adsant, de temps en temps des \u00e9di\u00adtions au for\u00admat papier. Aus\u00adsi plu\u00adt\u00f4t que de pas\u00adser par un abon\u00adne\u00adment men\u00adsuel, plus lourd \u00e0 g\u00e9rer, nous avons choi\u00adsi de comp\u00adter sur la g\u00e9n\u00e9\u00adro\u00adsi\u00adt\u00e9 des lec\u00adteurs de po\u00e9sie.<\/p>\n<p>Si cha\u00adcun des lec\u00adteurs de la revue<i> Ce qui reste <\/i>ne don\u00adnait ne serait-ce que 2 ou 5\u20ac nous pour\u00adrions financer&nbsp;:&nbsp;<\/p>\n<ul>\n<li>la loca\u00adtion du ser\u00adveur et la main\u00adte\u00adnance du site de la revue <i>Ce qui&nbsp;reste,<\/i><\/li>\n<li>les frais bancaires,<\/li>\n<li>le sur\u00adplus per\u00admet\u00adtra de finan\u00adcer des petits tirages papier\u2026<\/li>\n<\/ul>\n<p>Les dona\u00adtrices et les dona\u00adteurs seront cr\u00e9\u00addi\u00adt\u00e9s \u00e0 la publi\u00adca\u00adtion sui\u00advantes (sauf oppo\u00adsi\u00adtion for\u00admu\u00adl\u00e9e \u00e0 <a href=\"mailto:echeveaux.editions@gmail.com\">echeveaux.editions@gmail.com<\/a>)<\/p>\n<p>Les comptes de l\u2019as\u00adso\u00adcia\u00adtion seront publi\u00e9s chaque ann\u00e9e, en d\u00e9cembre, pour vous per\u00admettre un contr\u00f4le du fl\u00e9\u00adchage des&nbsp;dons.&nbsp;<\/p>\n<p style=\"text-align: right;\">C\u00e9cile A. Hold\u00adban et S\u00e9bas\u00adtien de Cor\u00adnuaud-Mar\u00adche\u00adteau<br>Co\u00e9di\u00adteurs de la revue <em>Ce qui&nbsp;reste<\/em><\/p>\n\n\n\n<iframe id=\"haWidget\" allowtransparency=\"true\" scrolling=\"no\" src=\"https:\/\/www.helloasso.com\/associations\/echeveaux-editions\/formulaires\/1\/widget\" style=\"width: 100% + 17px; height: 2500px; border: none;\"><\/iframe>\n","protected":false},"excerpt":{"rendered":"<p>Edi\u00adter gra\u00adtui\u00adte\u00adment une revue de po\u00e9\u00adsie, m\u00eame num\u00e9\u00adrique, devient de plus en plus dif\u00adfi\u00adcile et cela fait des ann\u00e9es que nous pre\u00adnons en charge ces frais\u2026 et nous vou\u00adlons encore faire mieux en pro\u00adpo\u00adsant, de temps en temps des \u00e9di\u00adtions au for\u00admat papier. Aus\u00adsi plu\u00adt\u00f4t que de pas\u00adser par un abon\u00adne\u00adment men\u00adsuel, plus lourd&nbsp;\u00e0&nbsp;[\u2026]<\/p>\n","protected":false},"author":2,"featured_media":6415,"parent":0,"menu_order":0,"comment_status":"closed","ping_status":"closed","template":"","meta":{"wp_typography_post_enhancements_disabled":false,"footnotes":""},"coauthors":[938],"class_list":["post-6412","page","type-page","status-publish","has-post-thumbnail","hentry"],"yoast_head":"<!-- This site is optimized with the Yoast SEO plugin v27.3 - https:\/\/yoast.com\/product\/yoast-seo-wordpress\/ -->\n<title>Vous souhaitez nous soutenir : faites un don - Ce qui reste<\/title>\n<meta name=\"robots\" content=\"index, follow, max-snippet:-1, max-image-preview:large, max-video-preview:-1\" \/>\n<link rel=\"canonical\" href=\"https:\/\/cequireste.fr\/?page_id=6412\" \/>\n<meta property=\"og:locale\" content=\"fr_FR\" \/>\n<meta property=\"og:type\" content=\"article\" \/>\n<meta property=\"og:title\" content=\"Vous souhaitez nous soutenir : faites un don - Ce qui reste\" \/>\n<meta property=\"og:description\" content=\"Edi\u00adter gra\u00adtui\u00adte\u00adment une revue de po\u00e9\u00adsie, m\u00eame num\u00e9\u00adrique, devient de plus en plus dif\u00adfi\u00adcile et cela fait des ann\u00e9es que nous pre\u00adnons en charge ces frais\u2026 et nous vou\u00adlons encore faire mieux en pro\u00adpo\u00adsant, de temps en temps des \u00e9di\u00adtions au for\u00admat papier. Aus\u00adsi plu\u00adt\u00f4t que de pas\u00adser par un abon\u00adne\u00adment men\u00adsuel, plus lourd \u00e0 [&hellip;]\" \/>\n<meta property=\"og:url\" content=\"https:\/\/cequireste.fr\/?page_id=6412\" \/>\n<meta property=\"og:site_name\" content=\"Ce qui reste\" \/>\n<meta property=\"article:publisher\" content=\"https:\/\/www.facebook.com\/cequireste\/\" \/>\n<meta property=\"article:modified_time\" content=\"2024-02-05T13:55:28+00:00\" \/>\n<meta property=\"og:image\" content=\"https:\/\/cequireste.fr\/wp-content\/uploads\/2024\/01\/firefly-cochon-tirelire-avec-des-livres-78988-scaled.jpg\" \/>\n\t<meta property=\"og:image:width\" content=\"2560\" \/>\n\t<meta property=\"og:image:height\" content=\"1463\" \/>\n\t<meta property=\"og:image:type\" content=\"image\/jpeg\" \/>\n<meta name=\"twitter:card\" content=\"summary_large_image\" \/>\n<meta name=\"twitter:site\" content=\"@cequireste\" \/>\n<meta name=\"twitter:label1\" content=\"Dur\u00e9e de lecture estim\u00e9e\" \/>\n\t<meta name=\"twitter:data1\" content=\"2 minutes\" \/>\n\t<meta name=\"twitter:label2\" content=\"Written by\" \/>\n\t<meta name=\"twitter:data2\" content=\"Revue Ce qui reste\" \/>\n<script type=\"application\/ld+json\" class=\"yoast-schema-graph\">{\"@context\":\"https:\\\/\\\/schema.org\",\"@graph\":[{\"@type\":\"WebPage\",\"@id\":\"https:\\\/\\\/cequireste.fr\\\/?page_id=6412\",\"url\":\"https:\\\/\\\/cequireste.fr\\\/?page_id=6412\",\"name\":\"Vous souhaitez nous soutenir : faites un don - Ce qui reste\",\"isPartOf\":{\"@id\":\"https:\\\/\\\/cequireste.fr\\\/#website\"},\"primaryImageOfPage\":{\"@id\":\"https:\\\/\\\/cequireste.fr\\\/?page_id=6412#primaryimage\"},\"image\":{\"@id\":\"https:\\\/\\\/cequireste.fr\\\/?page_id=6412#primaryimage\"},\"thumbnailUrl\":\"https:\\\/\\\/cequireste.fr\\\/wp-content\\\/uploads\\\/2024\\\/01\\\/firefly-cochon-tirelire-avec-des-livres-78988-scaled.jpg\",\"datePublished\":\"2024-01-21T11:37:36+00:00\",\"dateModified\":\"2024-02-05T13:55:28+00:00\",\"breadcrumb\":{\"@id\":\"https:\\\/\\\/cequireste.fr\\\/?page_id=6412#breadcrumb\"},\"inLanguage\":\"fr-FR\",\"potentialAction\":[{\"@type\":\"ReadAction\",\"target\":[\"https:\\\/\\\/cequireste.fr\\\/?page_id=6412\"]}]},{\"@type\":\"ImageObject\",\"inLanguage\":\"fr-FR\",\"@id\":\"https:\\\/\\\/cequireste.fr\\\/?page_id=6412#primaryimage\",\"url\":\"https:\\\/\\\/cequireste.fr\\\/wp-content\\\/uploads\\\/2024\\\/01\\\/firefly-cochon-tirelire-avec-des-livres-78988-scaled.jpg\",\"contentUrl\":\"https:\\\/\\\/cequireste.fr\\\/wp-content\\\/uploads\\\/2024\\\/01\\\/firefly-cochon-tirelire-avec-des-livres-78988-scaled.jpg\",\"width\":2560,\"height\":1463},{\"@type\":\"BreadcrumbList\",\"@id\":\"https:\\\/\\\/cequireste.fr\\\/?page_id=6412#breadcrumb\",\"itemListElement\":[{\"@type\":\"ListItem\",\"position\":1,\"name\":\"Accueil\",\"item\":\"https:\\\/\\\/cequireste.fr\\\/\"},{\"@type\":\"ListItem\",\"position\":2,\"name\":\"Vous souhaitez nous soutenir : faites un&nbsp;don\"}]},{\"@type\":\"WebSite\",\"@id\":\"https:\\\/\\\/cequireste.fr\\\/#website\",\"url\":\"https:\\\/\\\/cequireste.fr\\\/\",\"name\":\"Ce qui reste\",\"description\":\"Revue de po\u00e9sie contemporaine\",\"publisher\":{\"@id\":\"https:\\\/\\\/cequireste.fr\\\/#organization\"},\"potentialAction\":[{\"@type\":\"SearchAction\",\"target\":{\"@type\":\"EntryPoint\",\"urlTemplate\":\"https:\\\/\\\/cequireste.fr\\\/?s={search_term_string}\"},\"query-input\":{\"@type\":\"PropertyValueSpecification\",\"valueRequired\":true,\"valueName\":\"search_term_string\"}}],\"inLanguage\":\"fr-FR\"},{\"@type\":\"Organization\",\"@id\":\"https:\\\/\\\/cequireste.fr\\\/#organization\",\"name\":\"Revue Ce qui reste\",\"url\":\"https:\\\/\\\/cequireste.fr\\\/\",\"logo\":{\"@type\":\"ImageObject\",\"inLanguage\":\"fr-FR\",\"@id\":\"https:\\\/\\\/cequireste.fr\\\/#\\\/schema\\\/logo\\\/image\\\/\",\"url\":\"https:\\\/\\\/cequireste.fr\\\/wp-content\\\/uploads\\\/2017\\\/09\\\/logo.png\",\"contentUrl\":\"https:\\\/\\\/cequireste.fr\\\/wp-content\\\/uploads\\\/2017\\\/09\\\/logo.png\",\"width\":1000,\"height\":1000,\"caption\":\"Revue Ce qui reste\"},\"image\":{\"@id\":\"https:\\\/\\\/cequireste.fr\\\/#\\\/schema\\\/logo\\\/image\\\/\"},\"sameAs\":[\"https:\\\/\\\/www.facebook.com\\\/cequireste\\\/\",\"https:\\\/\\\/x.com\\\/cequireste\",\"https:\\\/\\\/www.instagram.com\\\/cequireste\\\/\",\"https:\\\/\\\/www.linkedin.com\\\/in\\\/revue-ce-qui-reste-891a40144\\\/\"]}]}<\/script>\n<!-- \/ Yoast SEO plugin. -->","yoast_head_json":{"title":"Vous souhaitez nous soutenir : faites un don - Ce qui reste","robots":{"index":"index","follow":"follow","max-snippet":"max-snippet:-1","max-image-preview":"max-image-preview:large","max-video-preview":"max-video-preview:-1"},"canonical":"https:\/\/cequireste.fr\/?page_id=6412","og_locale":"fr_FR","og_type":"article","og_title":"Vous souhaitez nous soutenir : faites un don - Ce qui reste","og_description":"Edi\u00adter gra\u00adtui\u00adte\u00adment une revue de po\u00e9\u00adsie, m\u00eame num\u00e9\u00adrique, devient de plus en plus dif\u00adfi\u00adcile et cela fait des ann\u00e9es que nous pre\u00adnons en charge ces frais\u2026 et nous vou\u00adlons encore faire mieux en pro\u00adpo\u00adsant, de temps en temps des \u00e9di\u00adtions au for\u00admat papier. Aus\u00adsi plu\u00adt\u00f4t que de pas\u00adser par un abon\u00adne\u00adment men\u00adsuel, plus lourd \u00e0 [&hellip;]","og_url":"https:\/\/cequireste.fr\/?page_id=6412","og_site_name":"Ce qui reste","article_publisher":"https:\/\/www.facebook.com\/cequireste\/","article_modified_time":"2024-02-05T13:55:28+00:00","og_image":[{"width":2560,"height":1463,"url":"https:\/\/cequireste.fr\/wp-content\/uploads\/2024\/01\/firefly-cochon-tirelire-avec-des-livres-78988-scaled.jpg","type":"image\/jpeg"}],"twitter_card":"summary_large_image","twitter_site":"@cequireste","twitter_misc":{"Dur\u00e9e de lecture estim\u00e9e":"2 minutes","Written by":"Revue Ce qui reste"},"schema":{"@context":"https:\/\/schema.org","@graph":[{"@type":"WebPage","@id":"https:\/\/cequireste.fr\/?page_id=6412","url":"https:\/\/cequireste.fr\/?page_id=6412","name":"Vous souhaitez nous soutenir : faites un don - Ce qui reste","isPartOf":{"@id":"https:\/\/cequireste.fr\/#website"},"primaryImageOfPage":{"@id":"https:\/\/cequireste.fr\/?page_id=6412#primaryimage"},"image":{"@id":"https:\/\/cequireste.fr\/?page_id=6412#primaryimage"},"thumbnailUrl":"https:\/\/cequireste.fr\/wp-content\/uploads\/2024\/01\/firefly-cochon-tirelire-avec-des-livres-78988-scaled.jpg","datePublished":"2024-01-21T11:37:36+00:00","dateModified":"2024-02-05T13:55:28+00:00","breadcrumb":{"@id":"https:\/\/cequireste.fr\/?page_id=6412#breadcrumb"},"inLanguage":"fr-FR","potentialAction":[{"@type":"ReadAction","target":["https:\/\/cequireste.fr\/?page_id=6412"]}]},{"@type":"ImageObject","inLanguage":"fr-FR","@id":"https:\/\/cequireste.fr\/?page_id=6412#primaryimage","url":"https:\/\/cequireste.fr\/wp-content\/uploads\/2024\/01\/firefly-cochon-tirelire-avec-des-livres-78988-scaled.jpg","contentUrl":"https:\/\/cequireste.fr\/wp-content\/uploads\/2024\/01\/firefly-cochon-tirelire-avec-des-livres-78988-scaled.jpg","width":2560,"height":1463},{"@type":"BreadcrumbList","@id":"https:\/\/cequireste.fr\/?page_id=6412#breadcrumb","itemListElement":[{"@type":"ListItem","position":1,"name":"Accueil","item":"https:\/\/cequireste.fr\/"},{"@type":"ListItem","position":2,"name":"Vous souhaitez nous soutenir : faites un&nbsp;don"}]},{"@type":"WebSite","@id":"https:\/\/cequireste.fr\/#website","url":"https:\/\/cequireste.fr\/","name":"Ce qui reste","description":"Revue de po\u00e9sie contemporaine","publisher":{"@id":"https:\/\/cequireste.fr\/#organization"},"potentialAction":[{"@type":"SearchAction","target":{"@type":"EntryPoint","urlTemplate":"https:\/\/cequireste.fr\/?s={search_term_string}"},"query-input":{"@type":"PropertyValueSpecification","valueRequired":true,"valueName":"search_term_string"}}],"inLanguage":"fr-FR"},{"@type":"Organization","@id":"https:\/\/cequireste.fr\/#organization","name":"Revue Ce qui reste","url":"https:\/\/cequireste.fr\/","logo":{"@type":"ImageObject","inLanguage":"fr-FR","@id":"https:\/\/cequireste.fr\/#\/schema\/logo\/image\/","url":"https:\/\/cequireste.fr\/wp-content\/uploads\/2017\/09\/logo.png","contentUrl":"https:\/\/cequireste.fr\/wp-content\/uploads\/2017\/09\/logo.png","width":1000,"height":1000,"caption":"Revue Ce qui reste"},"image":{"@id":"https:\/\/cequireste.fr\/#\/schema\/logo\/image\/"},"sameAs":["https:\/\/www.facebook.com\/cequireste\/","https:\/\/x.com\/cequireste","https:\/\/www.instagram.com\/cequireste\/","https:\/\/www.linkedin.com\/in\/revue-ce-qui-reste-891a40144\/"]}]}},"_links":{"self":[{"href":"https:\/\/cequireste.fr\/index.php?rest_route=\/wp\/v2\/pages\/6412","targetHints":{"allow":["GET"]}}],"collection":[{"href":"https:\/\/cequireste.fr\/index.php?rest_route=\/wp\/v2\/pages"}],"about":[{"href":"https:\/\/cequireste.fr\/index.php?rest_route=\/wp\/v2\/types\/page"}],"author":[{"embeddable":true,"href":"https:\/\/cequireste.fr\/index.php?rest_route=\/wp\/v2\/users\/2"}],"replies":[{"embeddable":true,"href":"https:\/\/cequireste.fr\/index.php?rest_route=%2Fwp%2Fv2%2Fcomments&post=6412"}],"version-history":[{"count":14,"href":"https:\/\/cequireste.fr\/index.php?rest_route=\/wp\/v2\/pages\/6412\/revisions"}],"predecessor-version":[{"id":6433,"href":"https:\/\/cequireste.fr\/index.php?rest_route=\/wp\/v2\/pages\/6412\/revisions\/6433"}],"wp:featuredmedia":[{"embeddable":true,"href":"https:\/\/cequireste.fr\/index.php?rest_route=\/wp\/v2\/media\/6415"}],"wp:attachment":[{"href":"https:\/\/cequireste.fr\/index.php?rest_route=%2Fwp%2Fv2%2Fmedia&parent=6412"}],"wp:term":[{"taxonomy":"author","embeddable":true,"href":"https:\/\/cequireste.fr\/index.php?rest_route=%2Fwp%2Fv2%2Fcoauthors&post=6412"}],"curies":[{"name":"wp","href":"https:\/\/api.w.org\/{rel}","templated":true}]}}