{"id":1709,"date":"2014-07-30T14:16:22","date_gmt":"2014-07-30T12:16:22","guid":{"rendered":"http:\/\/localhost\/cequireste\/?page_id=1709"},"modified":"2024-02-16T08:29:17","modified_gmt":"2024-02-16T07:29:17","slug":"a-propos","status":"publish","type":"page","link":"https:\/\/cequireste.fr\/?page_id=1709","title":{"rendered":"\u00c0 propos"},"content":{"rendered":"\n<p class=\"has-text-align-right\"><span style=\"font-size: 8pt;\">\u00a9 Pho\u00adto Jos\u00e9 Wattebled<\/span><\/p>\n\n\n\n<h3 class=\"wp-block-heading has-text-align-center\"><span class=\"caps\">RALENTIR<\/span>, <span class=\"caps\">PO\u00c8ME<\/span> <sup data-fn=\"c6e5d2a7-05ac-47d5-b7a2-e089305f3169\" class=\"fn\"><a href=\"#c6e5d2a7-05ac-47d5-b7a2-e089305f3169\" id=\"c6e5d2a7-05ac-47d5-b7a2-e089305f3169-link\">1<\/a><\/sup><\/h3>\n\n\n\n<p>Prendre le temps de lire un po\u00e8me est un acte de r\u00e9sis\u00adtance lib\u00e9\u00adra\u00adteur, une mani\u00e8re de<em> res\u00adter<\/em> dans l\u2019instant pr\u00e9\u00adsent, d\u2019\u00e9chapper \u00e0 la fuite en avant per\u00adma\u00adnente que nous impose le rythme de notre \u00e9poque. C\u2019est reprendre sa res\u00adpi\u00adra\u00adtion avec l\u2019inspiration des autres.<\/p>\n\n\n\n<p>La revue <em>Ce qui reste, <\/em> co\u00e9di\u00adt\u00e9e par C\u00e9cile A. Hold\u00adban et S\u00e9bas\u00adtien de Cor\u00adnuaud-Mar\u00adche\u00adteau, vous pro\u00adpose de mar\u00adquer cette pause en vous fai\u00adsant d\u00e9cou\u00advrir chaque mois un auteur et un artiste (peintre, gra\u00adveur, sculp\u00adteur, pho\u00adto\u00adgraphe, mais aus\u00adsi pour\u00adquoi pas, musi\u00adcien, cin\u00e9aste, etc).<\/p>\n\n\n\n<p>La revue est consul\u00adtable gra\u00adtui\u00adte\u00adment sur notre site ou sur la pla\u00adte\u00adforme de publi\u00adca\u00adtion <a href=\"http:\/\/www.calameo.com\/accounts\/4921864\" target=\"_blank\" rel=\"noopener\">Cala\u00adm\u00e9o<\/a> (\u00e0 laquelle vous pou\u00advez vous abon\u00adner si vous \u00eates ins\u00adcrit) mais<strong> vous pou\u00advez aus\u00adsi par\u00adti\u00adci\u00adper au fonc\u00adtion\u00adne\u00adment de la revue <a href=\"https:\/\/cequireste.fr\/faire-un-don\/\">en adres\u00adsant un don<\/a><\/strong>.<\/p>\n\n\n\n<p>Vous pou\u00advez vous abon\u00adner de plu\u00adsieurs mani\u00e8res : en vous ins\u00adcri\u00advant \u00e0 la news\u00adlet\u00adter heb\u00addo\u00adma\u00addaire ou aux r\u00e9seaux sociaux (<a href=\"https:\/\/www.facebook.com\/cequireste\/\" target=\"_blank\" rel=\"noopener\">Face\u00adbook<\/a>, <a href=\"https:\/\/www.instagram.com\/cequireste\/\" target=\"_blank\" rel=\"noopener\">Ins\u00adta\u00adgram<\/a>, <a href=\"https:\/\/twitter.com\/cequireste\" target=\"_blank\" rel=\"noopener\">Twit\u00adter<\/a>,&nbsp; <a href=\"https:\/\/www.youtube.com\/channel\/UCBTzr7K-h94gWGei88UN4_g\" target=\"_blank\" rel=\"noopener\">You\u00adtube<\/a>, <a href=\"http:\/\/www.calameo.com\/accounts\/4921864\" target=\"_blank\" rel=\"noopener\">Cala\u00adm\u00e9o<\/a>, <a href=\"https:\/\/www.linkedin.com\/in\/revue-ce-qui-reste-891a40144\/\">Lin\u00adke\u00addIn<\/a>).<\/p>\n\n\n\n<p><strong>Revue enre\u00adgis\u00adtr\u00e9e sous le num\u00e9o <span class=\"caps\">ISSN<\/span> 2497\u20132363.<\/strong><\/p>\n\n\n\n<p>La revue <em>Ce qui reste<\/em> est ados\u00ads\u00e9e \u00e0 Eche\u00adveaux \u00e9di\u00adtions, une mai\u00adson d\u2019\u00e9\u00addi\u00adtion asso\u00adcia\u00adtive (<span class=\"caps\">SIRET<\/span> 820 050 359 00018) cr\u00e9\u00e9e en 2016 par S\u00e9bas\u00adtien de Cor\u00adnuaud-Mar\u00adche\u00adteau, C\u00e9cile A. Hold\u00adban et Fran\u00ad\u00e7ois Robert. C\u2019est cette asso\u00adcia\u00adtion qui g\u00e8re les d\u00e9penses, les dons atte\u00adnants \u00e0 la&nbsp;revue.<\/p>\n\n\n<div class=\"mks_separator\" style=\"height: 150px;\"><\/div>\n\n\n\n<h3 class=\"wp-block-heading\"><!-- Facebook Badge END -->Fonctionnement de la&nbsp;revue<\/h3>\n\n\n\n<p><strong>Limi\u00adnaire :<\/strong> En pre\u00admier lieu, avant de nous envoyer vos pro\u00adpo\u00adsi\u00adtions, nous vous enga\u00adgeons vive\u00adment \u00e0 lire et d\u00e9cou\u00advrir les paru\u00adtions ant\u00e9\u00adrieures de la revue <em>Ce qui reste<\/em> afin d\u2019en cer\u00adner sa ligne \u00e9di\u00adto\u00adriale et de juger si votre pro\u00adpo\u00adsi\u00adtion s\u2019ins\u00adcrit dans la lign\u00e9e des textes parus. Une revue n\u2019est pas n\u00e9ces\u00adsai\u00adre\u00adment un fourre-tout ou un p\u00eale-m\u00eale\u2026 Aus\u00adsi, nous ne don\u00adne\u00adrons aucune suite aux pro\u00adpo\u00adsi\u00adtions qui ne r\u00e9pondent pas \u00e0 cette exi\u00adgence de lec\u00adture et de com\u00adpr\u00e9\u00adhen\u00adsion \u00e9ditoriale&nbsp;!<\/p>\n\n\n\n<ul class=\"wp-block-list\">\n<li>\n<ul class=\"wp-block-list\">\n<li>Les auteurs et artistes publi\u00e9s sont b\u00e9n\u00e9\u00advoles, res\u00adtent enti\u00e8\u00adre\u00adment pro\u00adpri\u00e9\u00adtaires de leurs droits, et peuvent donc deman\u00adder, <a href=\"mailto:revue.cequireste@gmail.com\" target=\"_blank\" rel=\"noopener\">par simple cour\u00adriel<\/a>, le retrait de leur(s) publication(s).<\/li>\n\n\n\n<li>La revue n\u2019a aucune obli\u00adga\u00adtion de publi\u00adca\u00adtion et les \u00e9di\u00adteurs sont sou\u00adve\u00adrains de leurs&nbsp;choix.<\/li>\n\n\n\n<li>Toutes les pro\u00adpo\u00adsi\u00adtions sont lues et \u00e9tudi\u00e9es.<\/li>\n\n\n\n<li>Nous essayons de r\u00e9pondre \u00e0 tous, cepen\u00addant sans r\u00e9ponse de notre part au bout de quatre mois, consi\u00add\u00e9\u00adrez que nous n\u2019a\u00advons pas rete\u00adnu votre proposition.<\/li>\n\n\n\n<li><strong>Envoi de textes&nbsp;:<\/strong>\n<ul>\n<li>Entre 10 et 20 po\u00e8mes (selon la lon\u00adgueur) au for\u00admat doc\/odt\/txt. Le comi\u00adt\u00e9 de lec\u00adture se r\u00e9serve le droit de n\u2019en rete\u00adnir qu\u2019une partie.<\/li>\n<li>Entre 1 et 3 textes en prose (selon la lon\u00adgueur). Le comi\u00adt\u00e9 de lec\u00adture se r\u00e9serve le droit de n\u2019en rete\u00adnir qu\u2019une partie.<\/li>\n<\/ul>\n<p>Le choix op\u00e9\u00adr\u00e9 devra pr\u00e9\u00adsen\u00adter une ligne th\u00e9\u00adma\u00adtique et for\u00admelle forte et uni\u00adfi\u00e9e. Vous pou\u00advez sug\u00adg\u00e9\u00adrer un titre \u00e0 l\u2019en\u00adsemble. En l\u2019ab\u00adsence de titre, le comi\u00adt\u00e9 \u00e9di\u00adto\u00adrial se r\u00e9serve le droit d\u2019en sug\u00adg\u00e9\u00adrer&nbsp;un.<\/p>\n<\/li>\n\n\n\n<li><strong>Illus\u00adtra\u00adtions des ouvrages&nbsp;:&nbsp;<\/strong>\n<ul class=\"wp-block-list\">\n<li>L\u2019au\u00adteur a tra\u00advaill\u00e9 conjoin\u00adte\u00adment avec un artiste pour pro\u00adduire un ensemble textes\/images et nous les envoient (sous forme de fichiers dis\u00adtincts, cf. ci-des\u00adsous pour les for\u00admats). Ils peuvent cepen\u00addant nous envoyer une pr\u00e9-maquette (doc, odt, pdf) pour nous mon\u00adtrer la fa\u00e7on dont s\u2019ar\u00adti\u00adculent textes et visuels, sachant cepen\u00addant que cette pr\u00e9-maquette pour\u00adra prendre une forme tr\u00e8s diff\u00e9rente.<\/li>\n\n\n\n<li>L\u2019au\u00adteur n\u2019a pas d\u2019ar\u00adtiste pour illus\u00adtrer ses textes : il peut nous en sug\u00adg\u00e9\u00adrer un par\u00admi ses connais\u00adsances. Si nous sommes d\u2019ac\u00adcord avec ce choix, il devra prendre contact et faire le n\u00e9ces\u00adsaire pour tra\u00advailler avec&nbsp;lui.<\/li>\n\n\n\n<li>Si l\u2019au\u00adteur n\u2019a aucune sug\u00adges\u00adtion d\u2019ar\u00adtiste, nous pour\u00adrions lui en sug\u00adg\u00e9\u00adrer (sous r\u00e9serve que nous ayons des contacts dis\u00adpo\u00ads\u00e9s \u00e0 tra\u00advailler avec&nbsp;lui).<\/li>\n\n\n\n<li>En l\u2019ab\u00adsence totale d\u2019ar\u00adtiste : le texte est conser\u00adv\u00e9 quatre mois dans l\u2019at\u00adtente d\u2019une pro\u00adpo\u00adsi\u00adtion d\u2019un artiste (ou d\u2019une pro\u00adpo\u00adsi\u00adtion de l\u2019au\u00adteur). Au-del\u00e0 des quatre mois, le texte sera consi\u00add\u00e9\u00adr\u00e9 comme non retenu.<\/li>\n\n\n\n<li>Un artiste sou\u00adhaite par\u00adti\u00adci\u00adper \u00e0 un num\u00e9\u00adro de notre revue : il peut nous contac\u00adter pour nous pr\u00e9\u00adsen\u00adter son tra\u00advail. Nous essaie\u00adrons de lui sug\u00adg\u00e9\u00adrer plu\u00adsieurs textes pour les\u00adquels il pour\u00adrait pro\u00adduire des visuels (ou des sons, de la vid\u00e9o, etc.) et de le mettre en rela\u00adtion avec un auteur.<\/li>\n<\/ul>\n<\/li>\n\n\n\n<li><strong>Envoi d\u2019i\u00admages :<\/strong> Entre 5 et 15 images selon la lon\u00adgueur des textes (avec l\u00e9gendes quand n\u00e9ces\u00adsaire) au for\u00admat jpg (2500px de large mini\u00admum). Les envois sup\u00e9\u00adrieurs \u00e0 20Mo devront \u00eatre r\u00e9a\u00adli\u00ads\u00e9s via les pla\u00adte\u00adformes d\u2019en\u00advoi (type WeTrans\u00adfer) ou par cloud.<br>Les artistes four\u00adni\u00adront un docu\u00adment indexant les \u0153uvres pr\u00e9\u00adsen\u00adt\u00e9es (titre, tech\u00adniques uti\u00adli\u00ads\u00e9es, ann\u00e9e, etc.).<\/li>\n\n\n\n<li>Auteur et artiste accom\u00adpa\u00adgne\u00adront leur envoi d\u2019une courte pr\u00e9\u00adsen\u00adta\u00adtion \/ bio-biblio \/ expo\u00adsi\u00adtions n\u2019ex\u00adc\u00e9\u00addant pas une page <span class=\"caps\">A4<\/span>. La pr\u00e9\u00adsence de cette pr\u00e9\u00adsen\u00adta\u00adtion est une condi\u00adtion <em>sine qua non<\/em> pour que le comi\u00adt\u00e9 exa\u00admine la proposition.<\/li>\n\n\n\n<li>Les pro\u00adpo\u00adsi\u00adtions sont \u00e0 envoyer \u00e0 l\u2019a\u00addresse sui\u00advante : <a href=\"mailto:revue.cequireste@gmail.com\" target=\"_blank\" rel=\"noopener\">revue.cequireste@gmail.com<\/a> (pas d\u2019en\u00advoi via Face\u00adbook) ou gr\u00e2ce au for\u00admu\u00adlaire ci-dessous.<\/li>\n<\/ul>\n<\/li>\n<\/ul>\n\n\n<div class=\"mks_separator\" style=\"height: 150px;\"><\/div>\n\n\n\n<h2 class=\"wp-block-heading\">Nous contacter<\/h2>\n\n\n\n<div class=\"wpcf7 no-js\" id=\"wpcf7-f5-o1\" lang=\"fr-FR\" dir=\"ltr\" data-wpcf7-id=\"5\">\n<div class=\"screen-reader-response\"><p role=\"status\" aria-live=\"polite\" aria-atomic=\"true\"><\/p> <ul><\/ul><\/div>\n<form action=\"\/index.php?rest_route=%2Fwp%2Fv2%2Fpages%2F1709#wpcf7-f5-o1\" method=\"post\" class=\"wpcf7-form init\" aria-label=\"Formulaire de contact\" enctype=\"multipart\/form-data\" novalidate=\"novalidate\" data-status=\"init\">\n<fieldset class=\"hidden-fields-container\"><input type=\"hidden\" name=\"_wpcf7\" value=\"5\"><input type=\"hidden\" name=\"_wpcf7_version\" value=\"6.1.5\"><input type=\"hidden\" name=\"_wpcf7_locale\" value=\"fr_FR\"><input type=\"hidden\" name=\"_wpcf7_unit_tag\" value=\"wpcf7-f5-o1\"><input type=\"hidden\" name=\"_wpcf7_container_post\" value=\"0\"><input type=\"hidden\" name=\"_wpcf7_posted_data_hash\" value>\n<\/fieldset>\n<p><label> Votre&nbsp;nom&nbsp;*<br>\n<span class=\"wpcf7-form-control-wrap\" data-name=\"your-name\"><input size=\"40\" maxlength=\"400\" class=\"wpcf7-form-control wpcf7-text wpcf7-validates-as-required\" aria-required=\"true\" aria-invalid=\"false\" value type=\"text\" name=\"your-name\"><\/span> <\/label>\n<\/p>\n<p><label> Votre courriel&nbsp;*<br>\n<span class=\"wpcf7-form-control-wrap\" data-name=\"your-email\"><input size=\"40\" maxlength=\"400\" class=\"wpcf7-form-control wpcf7-email wpcf7-validates-as-required wpcf7-text wpcf7-validates-as-email\" aria-required=\"true\" aria-invalid=\"false\" value type=\"email\" name=\"your-email\"><\/span> <\/label>\n<\/p>\n<p><label> Votre message<br>\n<span class=\"wpcf7-form-control-wrap\" data-name=\"your-subject\"><input size=\"40\" maxlength=\"400\" class=\"wpcf7-form-control wpcf7-text\" aria-invalid=\"false\" value type=\"text\" name=\"your-subject\"><\/span> <\/label>\n<\/p>\n<p><label> Votre message<br>\n<span class=\"wpcf7-form-control-wrap\" data-name=\"your-message\"><textarea cols=\"40\" rows=\"10\" maxlength=\"2000\" class=\"wpcf7-form-control wpcf7-textarea\" aria-invalid=\"false\" name=\"your-message\"><\/textarea><\/span> <\/label><br>\n<label>Fichiers joints<br>\n<span class=\"wpcf7-form-control-wrap\" data-name=\"file-69\"><input size=\"40\" class=\"wpcf7-form-control wpcf7-file\" accept=\".zip,.rar,.pdf,.doc,.docx,.odt,.jpg,.jpeg,.png\" aria-invalid=\"false\" type=\"file\" name=\"file-69\"><\/span> <\/label>\n<\/p>\n<p><input class=\"wpcf7-form-control wpcf7-submit has-spinner\" type=\"submit\" value=\"Envoi\">\n<\/p><p style=\"display: none !important;\" class=\"akismet-fields-container\" data-prefix=\"_wpcf7_ak_\"><label>\u0394<textarea name=\"_wpcf7_ak_hp_textarea\" cols=\"45\" rows=\"8\" maxlength=\"100\"><\/textarea><\/label><input type=\"hidden\" id=\"ak_js_1\" name=\"_wpcf7_ak_js\" value=\"96\"><script>document.getElementById( \"ak_js_1\" ).setAttribute( \"value\", ( new Date() ).getTime() );<\/script><\/p><div class=\"wpcf7-response-output\" aria-hidden=\"true\"><\/div>\n<\/form>\n<\/div>\n\n\n\n\n<p class=\"has-text-align-right\"><span style=\"font-size: 8pt;\">&nbsp;<\/span><\/p>\n\n\n\n<h2 style=\"text-align: center;\">Lettre d\u2019information<\/h2>\n\n\n\n<div style=\"padding:20px\" class=\"wp-block-tnp-minimal\"><p>Abon\u00adnez-vous \u00e0 notre lettre d\u2019in\u00adfor\u00adma\u00adtion (1 \u00e0 2 mail par mois maximum)&nbsp;!<\/p><div><div class=\"tnp tnp-subscription-minimal  \"><form action=\"https:\/\/cequireste.fr\/wp-admin\/admin-ajax.php?action=tnp&amp;na=s\" method=\"post\" style=\"text-align: center\"><input type=\"hidden\" name=\"nr\" value=\"minimal\">\n<input type=\"hidden\" name=\"nlang\" value>\n<input class=\"tnp-email\" type=\"email\" required name=\"ne\" value placeholder=\"Email\"><input class=\"tnp-submit\" type=\"submit\" value=\"S'abonner\" style=\"background-color:undefined;\">\n<div class=\"tnp-field tnp-privacy-field\"><label><input type=\"checkbox\" name=\"ny\" required class=\"tnp-privacy\"> <a target=\"_blank\" href=\"https:\/\/cequireste.fr\/politique-de-confidentialite-et-utilisation-des-donnees-numeriques\/\">En conti\u00adnuant, vous accep\u00adtez la poli\u00adtique de confidentialit\u00e9<\/a><\/label><\/div><\/form><\/div>\n<\/div><\/div>\n\n\n<ol class=\"wp-block-footnotes\"><li id=\"c6e5d2a7-05ac-47d5-b7a2-e089305f3169\">Clin d\u2019\u0153il \u00e0 <em>Ralen\u00adtir tra\u00advaux<\/em> de Ren\u00e9 Char, Paul \u00c9luard et Andr\u00e9 Bre\u00adton (recueil de trente brefs po\u00e8mes pr\u00e9\u00adc\u00e9\u00add\u00e9s de trois pr\u00e9\u00adfaces, 1930, Jos\u00e9 Cor\u00adti) <a href=\"#c6e5d2a7-05ac-47d5-b7a2-e089305f3169-link\" aria-label=\"Aller \u00e0 la note de bas de page 1\">\u21a9\ufe0e<\/a><\/li><\/ol>","protected":false},"excerpt":{"rendered":"<p>\u00a9 Pho\u00adto Jos\u00e9 Wat\u00adte\u00adbled <span class=\"caps\">RALENTIR<\/span>, <span class=\"caps\">PO\u00c8ME<\/span> Prendre le temps de lire un po\u00e8me est un acte de r\u00e9sis\u00adtance lib\u00e9\u00adra\u00adteur, une mani\u00e8re de res\u00adter dans l\u2019instant pr\u00e9\u00adsent, d\u2019\u00e9chapper \u00e0 la fuite en avant per\u00adma\u00adnente que nous impose le rythme de notre \u00e9poque. C\u2019est reprendre sa res\u00adpi\u00adra\u00adtion avec l\u2019inspiration des autres. La revue Ce qui reste, co\u00e9dit\u00e9e&nbsp;[\u2026]<\/p>\n","protected":false},"author":2,"featured_media":4923,"parent":0,"menu_order":0,"comment_status":"closed","ping_status":"closed","template":"","meta":{"wp_typography_post_enhancements_disabled":false,"footnotes":"[{\"content\":\"Clin d\u2019\u0153il \u00e0 <em>Ralentir travaux<\/em> de Ren\u00e9 Char, Paul \u00c9luard et Andr\u00e9 Breton (recueil de trente brefs po\u00e8mes pr\u00e9c\u00e9d\u00e9s de trois pr\u00e9faces, 1930, Jos\u00e9 Corti)\",\"id\":\"c6e5d2a7-05ac-47d5-b7a2-e089305f3169\"}]"},"coauthors":[938],"class_list":["post-1709","page","type-page","status-publish","has-post-thumbnail","hentry"],"yoast_head":"<!-- This site is optimized with the Yoast SEO plugin v27.3 - https:\/\/yoast.com\/product\/yoast-seo-wordpress\/ -->\n<title>\u00c0 propos - Ce qui reste<\/title>\n<meta name=\"robots\" content=\"index, follow, max-snippet:-1, max-image-preview:large, max-video-preview:-1\" \/>\n<link rel=\"canonical\" href=\"https:\/\/cequireste.fr\/?page_id=1709\" \/>\n<meta property=\"og:locale\" content=\"fr_FR\" \/>\n<meta property=\"og:type\" content=\"article\" \/>\n<meta property=\"og:title\" content=\"\u00c0 propos - Ce qui reste\" \/>\n<meta property=\"og:description\" content=\"\u00a9 Pho\u00adto Jos\u00e9 Wattebled RALENTIR, PO\u00c8ME Prendre le temps de lire un po\u00e8me est un acte de r\u00e9sis\u00adtance lib\u00e9\u00adra\u00adteur, une mani\u00e8re de res\u00adter dans l\u2019instant pr\u00e9\u00adsent, d\u2019\u00e9chapper \u00e0 la fuite en avant per\u00adma\u00adnente que nous impose le rythme de notre \u00e9poque. C\u2019est reprendre sa res\u00adpi\u00adra\u00adtion avec l\u2019inspiration des autres. La revue Ce qui reste, co\u00e9di\u00adt\u00e9e [&hellip;]\" \/>\n<meta property=\"og:url\" content=\"https:\/\/cequireste.fr\/?page_id=1709\" \/>\n<meta property=\"og:site_name\" content=\"Ce qui reste\" \/>\n<meta property=\"article:publisher\" content=\"https:\/\/www.facebook.com\/cequireste\/\" \/>\n<meta property=\"article:modified_time\" content=\"2024-02-16T07:29:17+00:00\" \/>\n<meta property=\"og:image\" content=\"https:\/\/cequireste.fr\/wp-content\/uploads\/2016\/04\/12028899_10153508529302404_7984005278951408254_o.jpg\" \/>\n\t<meta property=\"og:image:width\" content=\"2048\" \/>\n\t<meta property=\"og:image:height\" content=\"1365\" \/>\n\t<meta property=\"og:image:type\" content=\"image\/jpeg\" \/>\n<meta name=\"twitter:card\" content=\"summary_large_image\" \/>\n<meta name=\"twitter:site\" content=\"@cequireste\" \/>\n<meta name=\"twitter:label1\" content=\"Dur\u00e9e de lecture estim\u00e9e\" \/>\n\t<meta name=\"twitter:data1\" content=\"5 minutes\" \/>\n\t<meta name=\"twitter:label2\" content=\"Written by\" \/>\n\t<meta name=\"twitter:data2\" content=\"Revue Ce qui reste\" \/>\n<script type=\"application\/ld+json\" class=\"yoast-schema-graph\">{\"@context\":\"https:\\\/\\\/schema.org\",\"@graph\":[{\"@type\":\"WebPage\",\"@id\":\"https:\\\/\\\/cequireste.fr\\\/?page_id=1709\",\"url\":\"https:\\\/\\\/cequireste.fr\\\/?page_id=1709\",\"name\":\"\u00c0 propos - Ce qui reste\",\"isPartOf\":{\"@id\":\"https:\\\/\\\/cequireste.fr\\\/#website\"},\"primaryImageOfPage\":{\"@id\":\"https:\\\/\\\/cequireste.fr\\\/?page_id=1709#primaryimage\"},\"image\":{\"@id\":\"https:\\\/\\\/cequireste.fr\\\/?page_id=1709#primaryimage\"},\"thumbnailUrl\":\"https:\\\/\\\/cequireste.fr\\\/wp-content\\\/uploads\\\/2016\\\/04\\\/12028899_10153508529302404_7984005278951408254_o.jpg\",\"datePublished\":\"2014-07-30T12:16:22+00:00\",\"dateModified\":\"2024-02-16T07:29:17+00:00\",\"breadcrumb\":{\"@id\":\"https:\\\/\\\/cequireste.fr\\\/?page_id=1709#breadcrumb\"},\"inLanguage\":\"fr-FR\",\"potentialAction\":[{\"@type\":\"ReadAction\",\"target\":[\"https:\\\/\\\/cequireste.fr\\\/?page_id=1709\"]}]},{\"@type\":\"ImageObject\",\"inLanguage\":\"fr-FR\",\"@id\":\"https:\\\/\\\/cequireste.fr\\\/?page_id=1709#primaryimage\",\"url\":\"https:\\\/\\\/cequireste.fr\\\/wp-content\\\/uploads\\\/2016\\\/04\\\/12028899_10153508529302404_7984005278951408254_o.jpg\",\"contentUrl\":\"https:\\\/\\\/cequireste.fr\\\/wp-content\\\/uploads\\\/2016\\\/04\\\/12028899_10153508529302404_7984005278951408254_o.jpg\",\"width\":2048,\"height\":1365},{\"@type\":\"BreadcrumbList\",\"@id\":\"https:\\\/\\\/cequireste.fr\\\/?page_id=1709#breadcrumb\",\"itemListElement\":[{\"@type\":\"ListItem\",\"position\":1,\"name\":\"Accueil\",\"item\":\"https:\\\/\\\/cequireste.fr\\\/\"},{\"@type\":\"ListItem\",\"position\":2,\"name\":\"\u00c0 propos\"}]},{\"@type\":\"WebSite\",\"@id\":\"https:\\\/\\\/cequireste.fr\\\/#website\",\"url\":\"https:\\\/\\\/cequireste.fr\\\/\",\"name\":\"Ce qui reste\",\"description\":\"Revue de po\u00e9sie contemporaine\",\"publisher\":{\"@id\":\"https:\\\/\\\/cequireste.fr\\\/#organization\"},\"potentialAction\":[{\"@type\":\"SearchAction\",\"target\":{\"@type\":\"EntryPoint\",\"urlTemplate\":\"https:\\\/\\\/cequireste.fr\\\/?s={search_term_string}\"},\"query-input\":{\"@type\":\"PropertyValueSpecification\",\"valueRequired\":true,\"valueName\":\"search_term_string\"}}],\"inLanguage\":\"fr-FR\"},{\"@type\":\"Organization\",\"@id\":\"https:\\\/\\\/cequireste.fr\\\/#organization\",\"name\":\"Revue Ce qui reste\",\"url\":\"https:\\\/\\\/cequireste.fr\\\/\",\"logo\":{\"@type\":\"ImageObject\",\"inLanguage\":\"fr-FR\",\"@id\":\"https:\\\/\\\/cequireste.fr\\\/#\\\/schema\\\/logo\\\/image\\\/\",\"url\":\"https:\\\/\\\/cequireste.fr\\\/wp-content\\\/uploads\\\/2017\\\/09\\\/logo.png\",\"contentUrl\":\"https:\\\/\\\/cequireste.fr\\\/wp-content\\\/uploads\\\/2017\\\/09\\\/logo.png\",\"width\":1000,\"height\":1000,\"caption\":\"Revue Ce qui reste\"},\"image\":{\"@id\":\"https:\\\/\\\/cequireste.fr\\\/#\\\/schema\\\/logo\\\/image\\\/\"},\"sameAs\":[\"https:\\\/\\\/www.facebook.com\\\/cequireste\\\/\",\"https:\\\/\\\/x.com\\\/cequireste\",\"https:\\\/\\\/www.instagram.com\\\/cequireste\\\/\",\"https:\\\/\\\/www.linkedin.com\\\/in\\\/revue-ce-qui-reste-891a40144\\\/\"]}]}<\/script>\n<!-- \/ Yoast SEO plugin. -->","yoast_head_json":{"title":"\u00c0 propos - Ce qui reste","robots":{"index":"index","follow":"follow","max-snippet":"max-snippet:-1","max-image-preview":"max-image-preview:large","max-video-preview":"max-video-preview:-1"},"canonical":"https:\/\/cequireste.fr\/?page_id=1709","og_locale":"fr_FR","og_type":"article","og_title":"\u00c0 propos - Ce qui reste","og_description":"\u00a9 Pho\u00adto Jos\u00e9 Wattebled RALENTIR, PO\u00c8ME Prendre le temps de lire un po\u00e8me est un acte de r\u00e9sis\u00adtance lib\u00e9\u00adra\u00adteur, une mani\u00e8re de res\u00adter dans l\u2019instant pr\u00e9\u00adsent, d\u2019\u00e9chapper \u00e0 la fuite en avant per\u00adma\u00adnente que nous impose le rythme de notre \u00e9poque. C\u2019est reprendre sa res\u00adpi\u00adra\u00adtion avec l\u2019inspiration des autres. La revue Ce qui reste, co\u00e9di\u00adt\u00e9e [&hellip;]","og_url":"https:\/\/cequireste.fr\/?page_id=1709","og_site_name":"Ce qui reste","article_publisher":"https:\/\/www.facebook.com\/cequireste\/","article_modified_time":"2024-02-16T07:29:17+00:00","og_image":[{"width":2048,"height":1365,"url":"https:\/\/cequireste.fr\/wp-content\/uploads\/2016\/04\/12028899_10153508529302404_7984005278951408254_o.jpg","type":"image\/jpeg"}],"twitter_card":"summary_large_image","twitter_site":"@cequireste","twitter_misc":{"Dur\u00e9e de lecture estim\u00e9e":"5 minutes","Written by":"Revue Ce qui reste"},"schema":{"@context":"https:\/\/schema.org","@graph":[{"@type":"WebPage","@id":"https:\/\/cequireste.fr\/?page_id=1709","url":"https:\/\/cequireste.fr\/?page_id=1709","name":"\u00c0 propos - Ce qui reste","isPartOf":{"@id":"https:\/\/cequireste.fr\/#website"},"primaryImageOfPage":{"@id":"https:\/\/cequireste.fr\/?page_id=1709#primaryimage"},"image":{"@id":"https:\/\/cequireste.fr\/?page_id=1709#primaryimage"},"thumbnailUrl":"https:\/\/cequireste.fr\/wp-content\/uploads\/2016\/04\/12028899_10153508529302404_7984005278951408254_o.jpg","datePublished":"2014-07-30T12:16:22+00:00","dateModified":"2024-02-16T07:29:17+00:00","breadcrumb":{"@id":"https:\/\/cequireste.fr\/?page_id=1709#breadcrumb"},"inLanguage":"fr-FR","potentialAction":[{"@type":"ReadAction","target":["https:\/\/cequireste.fr\/?page_id=1709"]}]},{"@type":"ImageObject","inLanguage":"fr-FR","@id":"https:\/\/cequireste.fr\/?page_id=1709#primaryimage","url":"https:\/\/cequireste.fr\/wp-content\/uploads\/2016\/04\/12028899_10153508529302404_7984005278951408254_o.jpg","contentUrl":"https:\/\/cequireste.fr\/wp-content\/uploads\/2016\/04\/12028899_10153508529302404_7984005278951408254_o.jpg","width":2048,"height":1365},{"@type":"BreadcrumbList","@id":"https:\/\/cequireste.fr\/?page_id=1709#breadcrumb","itemListElement":[{"@type":"ListItem","position":1,"name":"Accueil","item":"https:\/\/cequireste.fr\/"},{"@type":"ListItem","position":2,"name":"\u00c0 propos"}]},{"@type":"WebSite","@id":"https:\/\/cequireste.fr\/#website","url":"https:\/\/cequireste.fr\/","name":"Ce qui reste","description":"Revue de po\u00e9sie contemporaine","publisher":{"@id":"https:\/\/cequireste.fr\/#organization"},"potentialAction":[{"@type":"SearchAction","target":{"@type":"EntryPoint","urlTemplate":"https:\/\/cequireste.fr\/?s={search_term_string}"},"query-input":{"@type":"PropertyValueSpecification","valueRequired":true,"valueName":"search_term_string"}}],"inLanguage":"fr-FR"},{"@type":"Organization","@id":"https:\/\/cequireste.fr\/#organization","name":"Revue Ce qui reste","url":"https:\/\/cequireste.fr\/","logo":{"@type":"ImageObject","inLanguage":"fr-FR","@id":"https:\/\/cequireste.fr\/#\/schema\/logo\/image\/","url":"https:\/\/cequireste.fr\/wp-content\/uploads\/2017\/09\/logo.png","contentUrl":"https:\/\/cequireste.fr\/wp-content\/uploads\/2017\/09\/logo.png","width":1000,"height":1000,"caption":"Revue Ce qui reste"},"image":{"@id":"https:\/\/cequireste.fr\/#\/schema\/logo\/image\/"},"sameAs":["https:\/\/www.facebook.com\/cequireste\/","https:\/\/x.com\/cequireste","https:\/\/www.instagram.com\/cequireste\/","https:\/\/www.linkedin.com\/in\/revue-ce-qui-reste-891a40144\/"]}]}},"_links":{"self":[{"href":"https:\/\/cequireste.fr\/index.php?rest_route=\/wp\/v2\/pages\/1709","targetHints":{"allow":["GET"]}}],"collection":[{"href":"https:\/\/cequireste.fr\/index.php?rest_route=\/wp\/v2\/pages"}],"about":[{"href":"https:\/\/cequireste.fr\/index.php?rest_route=\/wp\/v2\/types\/page"}],"author":[{"embeddable":true,"href":"https:\/\/cequireste.fr\/index.php?rest_route=\/wp\/v2\/users\/2"}],"replies":[{"embeddable":true,"href":"https:\/\/cequireste.fr\/index.php?rest_route=%2Fwp%2Fv2%2Fcomments&post=1709"}],"version-history":[{"count":14,"href":"https:\/\/cequireste.fr\/index.php?rest_route=\/wp\/v2\/pages\/1709\/revisions"}],"predecessor-version":[{"id":6436,"href":"https:\/\/cequireste.fr\/index.php?rest_route=\/wp\/v2\/pages\/1709\/revisions\/6436"}],"wp:featuredmedia":[{"embeddable":true,"href":"https:\/\/cequireste.fr\/index.php?rest_route=\/wp\/v2\/media\/4923"}],"wp:attachment":[{"href":"https:\/\/cequireste.fr\/index.php?rest_route=%2Fwp%2Fv2%2Fmedia&parent=1709"}],"wp:term":[{"taxonomy":"author","embeddable":true,"href":"https:\/\/cequireste.fr\/index.php?rest_route=%2Fwp%2Fv2%2Fcoauthors&post=1709"}],"curies":[{"name":"wp","href":"https:\/\/api.w.org\/{rel}","templated":true}]}}